{"id":359,"date":"2025-05-19T22:30:28","date_gmt":"2025-05-19T20:30:28","guid":{"rendered":"https:\/\/rolland-psychologue-albi.com\/?page_id=359"},"modified":"2025-06-26T20:50:16","modified_gmt":"2025-06-26T18:50:16","slug":"prendre-rdv","status":"publish","type":"page","link":"https:\/\/rolland-psychologue-albi.com\/index.php\/prendre-rdv\/","title":{"rendered":"Prendre RDV"},"content":{"rendered":"\n<h2 class=\"wp-block-heading has-text-align-right has-white-color has-text-color has-background has-link-color has-medium-font-size wp-elements-ae03c4e2bb7183078cfc97f6dfe0cb93\" style=\"background-color:#9eb582\">27 rue des Taillades \u2014 81 990 LE SEQUESTRE _______ 06 87 35 77 60<\/h2>\n\n\n\n<p>\ud83d\uddd3\ufe0f <strong>Horaires<\/strong><br>Jeudi et vendredi \u2014 de 11h \u00e0 17h<\/p>\n\n\n\n<p>\ud83d\udcb3 <strong>Tarifs<\/strong><br>\u2022 Individuel \u2014 45 min \u2014 65\u20ac<br>\u2022 Couple \u2014 1h30 \u2014 100\u20ac<br>\u2022 S\u00e9ance MEGC \u2014 1h \u2014 80\u20ac<\/p>\n\n\n\n<p>Paiement possible par ch\u00e8que, virement ou esp\u00e8ces.<\/p>\n\n\n\n<p>\ud83d\udca1 <strong>Remboursement<\/strong><br>Les consultations ne sont pas rembours\u00e9es par la s\u00e9curit\u00e9 sociale, mais certaines mutuelles proposent un forfait annuel. Pensez \u00e0 vous renseigner !<\/p>\n\n\n\n<p>\u274c <strong>Annulation<\/strong><br>Un emp\u00eachement ? Merci de pr\u00e9venir au moins 48h \u00e0 l\u2019avance. Les s\u00e9ances non annul\u00e9es dans ce d\u00e9lai seront factur\u00e9es.<\/p>\n\n\n\n<p>\ud83d\ude4f Merci pour votre compr\u00e9hension !<\/p>\n","protected":false},"excerpt":{"rendered":"<p>27 rue des Taillades \u2014 81 990 LE SEQUESTRE _______ 06 87 35 77 60 \ud83d\uddd3\ufe0f HorairesJeudi et vendredi \u2014 de 11h \u00e0 17h \ud83d\udcb3 Tarifs\u2022 Individuel \u2014 45 min \u2014 65\u20ac\u2022 Couple \u2014 1h30 \u2014 100\u20ac\u2022 S\u00e9ance MEGC \u2014 1h \u2014 80\u20ac Paiement possible par ch\u00e8que, virement ou esp\u00e8ces. \ud83d\udca1 RemboursementLes consultations ne sont <a class=\"read-more\" href=\"https:\/\/rolland-psychologue-albi.com\/index.php\/prendre-rdv\/\">READ MORE<\/a><\/p>\n","protected":false},"author":1,"featured_media":0,"parent":0,"menu_order":0,"comment_status":"closed","ping_status":"closed","template":"","meta":{"footnotes":""},"_links":{"self":[{"href":"https:\/\/rolland-psychologue-albi.com\/index.php\/wp-json\/wp\/v2\/pages\/359"}],"collection":[{"href":"https:\/\/rolland-psychologue-albi.com\/index.php\/wp-json\/wp\/v2\/pages"}],"about":[{"href":"https:\/\/rolland-psychologue-albi.com\/index.php\/wp-json\/wp\/v2\/types\/page"}],"author":[{"embeddable":true,"href":"https:\/\/rolland-psychologue-albi.com\/index.php\/wp-json\/wp\/v2\/users\/1"}],"replies":[{"embeddable":true,"href":"https:\/\/rolland-psychologue-albi.com\/index.php\/wp-json\/wp\/v2\/comments?post=359"}],"version-history":[{"count":16,"href":"https:\/\/rolland-psychologue-albi.com\/index.php\/wp-json\/wp\/v2\/pages\/359\/revisions"}],"predecessor-version":[{"id":426,"href":"https:\/\/rolland-psychologue-albi.com\/index.php\/wp-json\/wp\/v2\/pages\/359\/revisions\/426"}],"wp:attachment":[{"href":"https:\/\/rolland-psychologue-albi.com\/index.php\/wp-json\/wp\/v2\/media?parent=359"}],"curies":[{"name":"wp","href":"https:\/\/api.w.org\/{rel}","templated":true}]}}