{"id":352,"date":"2025-05-19T21:43:51","date_gmt":"2025-05-19T19:43:51","guid":{"rendered":"https:\/\/rolland-psychologue-albi.com\/?page_id=352"},"modified":"2025-05-20T00:19:13","modified_gmt":"2025-05-19T22:19:13","slug":"sexologie","status":"publish","type":"page","link":"https:\/\/rolland-psychologue-albi.com\/index.php\/sexologie\/","title":{"rendered":"Sexologie"},"content":{"rendered":"\n<h3 class=\"wp-block-heading has-medium-font-size\">\ud83d\udd25 La sexualit\u00e9, c\u2019est vivant. Et \u00e7a parle de nous.<\/h3>\n\n\n\n<p>Notre sexualit\u00e9 n\u2019est jamais fig\u00e9e.<br>Elle \u00e9volue, se transforme, traverse des doutes\u2026 parfois elle s\u2019endort, parfois elle d\u00e9borde. Et c\u2019est normal.<\/p>\n\n\n\n<p>Mais souvent, quand quelque chose coince, on garde tout pour soi. \ud83e\udd10<br>Par pudeur, par peur d\u2019\u00eatre jug\u00e9\u00b7e, ou parce qu\u2019on ne sait pas par o\u00f9 commencer.<\/p>\n\n\n\n<p>Et pourtant\u2026 parler, c\u2019est d\u00e9j\u00e0 commencer \u00e0 se lib\u00e9rer.<\/p>\n\n\n\n<p><strong>En sexologie, je vous accueille seul\u00b7e ou en couple<\/strong> :<br>\ud83e\udd0d Pour une baisse de d\u00e9sir, des douleurs, des blocages<br>\ud83e\udd0d Pour explorer autrement, mieux se comprendre, mieux s\u2019aimer<br>\ud83e\udd0d Pour retrouver du plaisir, de la libert\u00e9, du sens<\/p>\n\n\n\n<p>\ud83e\udd17\u2764\ufe0f Ici, <strong>pas de normes, pas de jugement.<\/strong><br>On avance \u00e0 votre rythme, avec respect et bienveillance.<\/p>\n\n\n\n<p>La sexualit\u00e9, c&rsquo;est un <strong>langage du corps et du c\u0153ur<\/strong>. Je vous invite \u00e0 parler vrai pour vous permettre un peu de libert\u00e9, de sens et de plaisir l\u00e0-dedans. \ud83d\ude0c\u2728<\/p>\n","protected":false},"excerpt":{"rendered":"<p>\ud83d\udd25 La sexualit\u00e9, c\u2019est vivant. Et \u00e7a parle de nous. Notre sexualit\u00e9 n\u2019est jamais fig\u00e9e.Elle \u00e9volue, se transforme, traverse des doutes\u2026 parfois elle s\u2019endort, parfois elle d\u00e9borde. Et c\u2019est normal. Mais souvent, quand quelque chose coince, on garde tout pour soi. \ud83e\udd10Par pudeur, par peur d\u2019\u00eatre jug\u00e9\u00b7e, ou parce qu\u2019on ne sait pas par o\u00f9 <a class=\"read-more\" href=\"https:\/\/rolland-psychologue-albi.com\/index.php\/sexologie\/\">READ MORE<\/a><\/p>\n","protected":false},"author":1,"featured_media":0,"parent":0,"menu_order":0,"comment_status":"closed","ping_status":"closed","template":"","meta":{"footnotes":""},"_links":{"self":[{"href":"https:\/\/rolland-psychologue-albi.com\/index.php\/wp-json\/wp\/v2\/pages\/352"}],"collection":[{"href":"https:\/\/rolland-psychologue-albi.com\/index.php\/wp-json\/wp\/v2\/pages"}],"about":[{"href":"https:\/\/rolland-psychologue-albi.com\/index.php\/wp-json\/wp\/v2\/types\/page"}],"author":[{"embeddable":true,"href":"https:\/\/rolland-psychologue-albi.com\/index.php\/wp-json\/wp\/v2\/users\/1"}],"replies":[{"embeddable":true,"href":"https:\/\/rolland-psychologue-albi.com\/index.php\/wp-json\/wp\/v2\/comments?post=352"}],"version-history":[{"count":6,"href":"https:\/\/rolland-psychologue-albi.com\/index.php\/wp-json\/wp\/v2\/pages\/352\/revisions"}],"predecessor-version":[{"id":416,"href":"https:\/\/rolland-psychologue-albi.com\/index.php\/wp-json\/wp\/v2\/pages\/352\/revisions\/416"}],"wp:attachment":[{"href":"https:\/\/rolland-psychologue-albi.com\/index.php\/wp-json\/wp\/v2\/media?parent=352"}],"curies":[{"name":"wp","href":"https:\/\/api.w.org\/{rel}","templated":true}]}}