{"id":125,"date":"2020-06-28T09:43:49","date_gmt":"2020-06-28T07:43:49","guid":{"rendered":"http:\/\/rolland-psychologue-albi.com\/?page_id=125"},"modified":"2026-01-28T15:45:53","modified_gmt":"2026-01-28T14:45:53","slug":"diplomee-depuis-2011-je-vous-accueille-a-cote-dalbi-afin-de-vous-aider-a-resoudre-les-difficultes-auxquelles-vous-narrivez-plus-a-faire-face-le-premier-entretien-est-primordial-c","status":"publish","type":"page","link":"https:\/\/rolland-psychologue-albi.com\/","title":{"rendered":"Je vous parle de moi&#8230;"},"content":{"rendered":"\n<!--nextpage-->\n\n\n\n<div class=\"wp-block-group\"><div class=\"wp-block-group__inner-container is-layout-flow wp-block-group-is-layout-flow\">\n<div class=\"wp-block-media-text is-stacked-on-mobile is-vertically-aligned-center alignwide\" style=\"grid-template-columns:31% auto\"><figure class=\"wp-block-media-text__media\"><img loading=\"lazy\" decoding=\"async\" width=\"694\" height=\"1024\" src=\"http:\/\/rolland-psychologue-albi.com\/wp-content\/uploads\/2020\/06\/7-janvier-2017-St-Ju\u00e9ry-2-1-694x1024.jpg\" alt=\"\" class=\"wp-image-141 size-full\" srcset=\"https:\/\/rolland-psychologue-albi.com\/wp-content\/uploads\/2020\/06\/7-janvier-2017-St-Ju\u00e9ry-2-1-694x1024.jpg 694w, https:\/\/rolland-psychologue-albi.com\/wp-content\/uploads\/2020\/06\/7-janvier-2017-St-Ju\u00e9ry-2-1-203x300.jpg 203w, https:\/\/rolland-psychologue-albi.com\/wp-content\/uploads\/2020\/06\/7-janvier-2017-St-Ju\u00e9ry-2-1-768x1134.jpg 768w, https:\/\/rolland-psychologue-albi.com\/wp-content\/uploads\/2020\/06\/7-janvier-2017-St-Ju\u00e9ry-2-1-339x500.jpg 339w, https:\/\/rolland-psychologue-albi.com\/wp-content\/uploads\/2020\/06\/7-janvier-2017-St-Ju\u00e9ry-2-1.jpg 1041w\" sizes=\"(max-width: 694px) 100vw, 694px\" \/><\/figure><div class=\"wp-block-media-text__content\">\n<div class=\"wp-block-group\"><div class=\"wp-block-group__inner-container is-layout-constrained wp-block-group-is-layout-constrained\">\n<p><strong>Je m\u2019appelle Marie ROLLAND. <\/strong>Je suis psychologue, dipl\u00f4m\u00e9e depuis 2011. \ud83c\udf93<\/p>\n\n\n\n<p>Ma fa\u00e7on d\u2019exercer a \u00e9volu\u00e9 avec les ann\u00e9es. J\u2019ai longtemps \u00e9t\u00e9 au plus pr\u00e8s de la d\u00e9tresse, des urgences, des blessures \u00e0 vif. Ces exp\u00e9riences m\u2019ont profond\u00e9ment marqu\u00e9e, et m\u2019ont appris l\u2019essentiel : \u00e9couter profond\u00e9ment, mais aussi accompagner avec justesse.<\/p>\n\n\n\n<p class=\"has-text-align-left\">\ud83c\udfaf Aujourd\u2019hui, je choisis une posture diff\u00e9rente.<br>Je suis l\u00e0 <strong>non plus seulement pour soulager<\/strong>, mais pour <strong>soutenir les personnes pr\u00eates \u00e0 avancer<\/strong>.<br>Celles qui veulent comprendre leurs blocages, se lib\u00e9rer d\u2019h\u00e9ritages pesants, <strong>transformer leur rapport \u00e0 elles-m\u00eames, au monde, \u00e0 l\u2019amour<\/strong>.<\/p>\n\n\n\n<h2 class=\"wp-block-heading has-medium-font-size\">Mes domaines d\u2019accompagnement :<\/h2>\n\n\n\n<p>\ud83d\udc8b <strong>Sexologie<\/strong> : parce que la sexualit\u00e9 est un langage intime, puissant, r\u00e9v\u00e9lateur.<br>\ud83d\udc63 <strong>Transg\u00e9n\u00e9rationnel<\/strong> : parce que les histoires de nos anc\u00eatres nous habitent, souvent \u00e0 notre insu.<br>\ud83d\udc91 <strong>Vie de couple<\/strong> : parce qu\u2019aimer, \u00e7a s\u2019apprend, se travaille, se nourrit.<\/p>\n\n\n\n<p>J\u2019exerce avec un cadre <strong>clair<\/strong>, <strong>s\u00e9cure<\/strong>, <strong>bienveillant<\/strong>, dans une relation d\u2019\u00e9gal \u00e0 \u00e9gal.<\/p>\n\n\n\n<p>\ud83d\udcac Je crois \u00e0 la puissance de la parole vraie, de la vuln\u00e9rabilit\u00e9 assum\u00e9e, de l\u2019autonomie retrouv\u00e9e.<\/p>\n\n\n\n<p>Changer demande du courage \u2014 mais c\u2019est aussi un appel \u00e0 la vie. \ud83d\udcab<\/p>\n\n\n\n<h2 class=\"wp-block-heading\">NOUVEAU : si marcher nous aidait \u00e0 y voir plus clair !<\/h2>\n\n\n\n<p>Je propose depuis peu des s\u00e9ances en ext\u00e9rieur : dans mon quartier ou plus en campagne, tout est possible. Alors si \u00e7a vous interpelle, faites-le moi savoir.<\/p>\n\n\n\n<p class=\"has-text-align-left has-text-color has-link-color has-small-font-size wp-elements-9bd5e3a773133df83f6f514a6177234d\" style=\"color:#6c7b5a\"><\/p>\n<\/div><\/div>\n<\/div><\/div>\n<\/div><\/div>\n\n\n\n<p class=\"has-vivid-cyan-blue-color has-text-color has-medium-font-size\"><\/p>\n","protected":false},"excerpt":{"rendered":"<p>Je m\u2019appelle Marie ROLLAND. Je suis psychologue, dipl\u00f4m\u00e9e depuis 2011. \ud83c\udf93 Ma fa\u00e7on d\u2019exercer a \u00e9volu\u00e9 avec les ann\u00e9es. J\u2019ai longtemps \u00e9t\u00e9 au plus pr\u00e8s de la d\u00e9tresse, des urgences, des blessures \u00e0 vif. Ces exp\u00e9riences m\u2019ont profond\u00e9ment marqu\u00e9e, et m\u2019ont appris l\u2019essentiel : \u00e9couter profond\u00e9ment, mais aussi accompagner avec justesse. \ud83c\udfaf Aujourd\u2019hui, je choisis <a class=\"read-more\" href=\"https:\/\/rolland-psychologue-albi.com\/\">READ MORE<\/a><\/p>\n","protected":false},"author":1,"featured_media":0,"parent":0,"menu_order":0,"comment_status":"closed","ping_status":"closed","template":"","meta":{"footnotes":""},"_links":{"self":[{"href":"https:\/\/rolland-psychologue-albi.com\/index.php\/wp-json\/wp\/v2\/pages\/125"}],"collection":[{"href":"https:\/\/rolland-psychologue-albi.com\/index.php\/wp-json\/wp\/v2\/pages"}],"about":[{"href":"https:\/\/rolland-psychologue-albi.com\/index.php\/wp-json\/wp\/v2\/types\/page"}],"author":[{"embeddable":true,"href":"https:\/\/rolland-psychologue-albi.com\/index.php\/wp-json\/wp\/v2\/users\/1"}],"replies":[{"embeddable":true,"href":"https:\/\/rolland-psychologue-albi.com\/index.php\/wp-json\/wp\/v2\/comments?post=125"}],"version-history":[{"count":31,"href":"https:\/\/rolland-psychologue-albi.com\/index.php\/wp-json\/wp\/v2\/pages\/125\/revisions"}],"predecessor-version":[{"id":432,"href":"https:\/\/rolland-psychologue-albi.com\/index.php\/wp-json\/wp\/v2\/pages\/125\/revisions\/432"}],"wp:attachment":[{"href":"https:\/\/rolland-psychologue-albi.com\/index.php\/wp-json\/wp\/v2\/media?parent=125"}],"curies":[{"name":"wp","href":"https:\/\/api.w.org\/{rel}","templated":true}]}}